{"id":90,"date":"2016-05-25T12:36:26","date_gmt":"2016-05-25T11:36:26","guid":{"rendered":"https:\/\/mht.pt\/?page_id=90"},"modified":"2016-06-22T12:24:45","modified_gmt":"2016-06-22T11:24:45","slug":"area-associados","status":"publish","type":"page","link":"https:\/\/mht.pt\/?page_id=90","title":{"rendered":"\u00c1rea Associados"},"content":{"rendered":"<p>[et_pb_section admin_label=&#8221;section&#8221; background_image=&#8221;https:\/\/mht.pt\/wp-content\/uploads\/2016\/05\/area-associados.jpg&#8221; transparent_background=&#8221;off&#8221; background_color=&#8221;#ffffff&#8221; allow_player_pause=&#8221;off&#8221; inner_shadow=&#8221;off&#8221; parallax=&#8221;off&#8221; parallax_method=&#8221;off&#8221; padding_mobile=&#8221;off&#8221; make_fullwidth=&#8221;off&#8221; use_custom_width=&#8221;off&#8221; width_unit=&#8221;on&#8221; make_equal=&#8221;off&#8221; use_custom_gutter=&#8221;off&#8221;][et_pb_row admin_label=&#8221;Row&#8221; make_fullwidth=&#8221;off&#8221; use_custom_width=&#8221;off&#8221; width_unit=&#8221;on&#8221; use_custom_gutter=&#8221;off&#8221; padding_mobile=&#8221;off&#8221; allow_player_pause=&#8221;off&#8221; parallax=&#8221;off&#8221; parallax_method=&#8221;off&#8221; make_equal=&#8221;off&#8221; parallax_1=&#8221;off&#8221; parallax_method_1=&#8221;off&#8221; column_padding_mobile=&#8221;on&#8221;][et_pb_column type=&#8221;4_4&#8243;][et_pb_text admin_label=&#8221;Text&#8221; background_layout=&#8221;dark&#8221; text_orientation=&#8221;center&#8221; use_border_color=&#8221;off&#8221; border_color=&#8221;#ffffff&#8221; border_style=&#8221;solid&#8221;]<\/p>\n<h1 class=\"av-special-heading-tag\" style=\"text-align: center;\">Registe-se ou Aceda \u00e0 sua \u00e1rea reservada<\/h1>\n<p>[\/et_pb_text][\/et_pb_column][\/et_pb_row][\/et_pb_section][et_pb_section admin_label=&#8221;Section&#8221; fullwidth=&#8221;off&#8221; specialty=&#8221;off&#8221;][et_pb_row admin_label=&#8221;Row&#8221;][et_pb_column type=&#8221;1_2&#8243;][et_pb_text admin_label=&#8221;Text&#8221; background_layout=&#8221;light&#8221; text_orientation=&#8221;left&#8221; use_border_color=&#8221;off&#8221; border_color=&#8221;#ffffff&#8221; border_style=&#8221;solid&#8221;]<\/p>\n<h2><strong>Registe-se<\/strong><\/h2>\n<p>Ainda n\u00e3o tem um acesso pessoal a uma \u00e1rea reservada na M.H.T? Registe-se agora e tenha acesso a conte\u00fados exclusivos.<\/p>\n<p>&nbsp;<\/p>\n<p><form class=\"pc_registration_form pc_rf_3 pc_one_col_form\"   rel=\"3\"><ul class=\"pc_form_flist\"><li class=\"pc_rf_field pc_rf_name  \"><label>Nome <span class=\"pc_req_field\">*<\/span><\/label><input type=\"text\" name=\"name\" value=\"\" maxlength=\"150\"  autocomplete=\"off\" class=\"name\"  \/><hr class=\"pc_clear\" \/><\/li><li class=\"pc_rf_field pc_rf_surname  \"><label>Sobrenome <span class=\"pc_req_field\">*<\/span><\/label><input type=\"text\" name=\"surname\" value=\"\" maxlength=\"150\"  autocomplete=\"off\" class=\"surname\"  \/><hr class=\"pc_clear\" \/><\/li><li class=\"pc_rf_field pc_rf_email  \"><label>E-Mail <span class=\"pc_req_field\">*<\/span><\/label><input type=\"text\" name=\"email\" value=\"\" maxlength=\"255\"  autocomplete=\"off\" class=\"email\"  \/><hr class=\"pc_clear\" \/><\/li><li class=\"pc_rf_field pc_rf_username  \"><label>Nome Utilizador <span class=\"pc_req_field\">*<\/span><\/label><input type=\"text\" name=\"username\" value=\"\" maxlength=\"150\"  autocomplete=\"off\" class=\"username\"  \/><hr class=\"pc_clear\" \/><\/li><li class=\"pc_rf_field pc_rf_psw  \"><label>Senha <span class=\"pc_req_field\">*<\/span><\/label><input type=\"password\" name=\"psw\" value=\"\" maxlength=\"50\" class=\"psw\" autocomplete=\"off\" \/><hr class=\"pc_clear\" \/><\/li><li class=\"pc_rf_field pc_rf_psw_confirm\"><label>Repeat password <span class=\"pc_req_field\">*<\/span><\/label><input type=\"password\" name=\"check_psw\" value=\"\" maxlength=\"50\" autocomplete=\"off\" class=\"psw\" \/><hr class=\"pc_clear\" \/><\/li><div class=\"pc_hnpt_code\" style=\"display: none; visibility: hidden; position: fixed; left: -9999px;\"><label for=\"pc_hnpt_1\">Antispam 1<\/label><input type=\"text\" name=\"pc_hnpt_1\" value=\"\" autocomplete=\"off\" \/><label for=\"pc_hnpt_2\">Antispam 2<\/label><input type=\"text\" name=\"pc_hnpt_2\" value=\"117\" autocomplete=\"off\" \/><label for=\"pc_hnpt_3\">Antispam 3<\/label><input type=\"text\" name=\"pc_hnpt_3\" value=\"931f90b1e2c68a08c090e0d7978420d7\" autocomplete=\"off\" \/><\/div><\/ul><div id=\"pc_reg_message\"><\/div><input type=\"button\" class=\"pc_reg_btn\" value=\"Enviar\" \/><\/form> [\/et_pb_text][\/et_pb_column][et_pb_column type=&#8221;1_2&#8243;][et_pb_text admin_label=&#8221;Text&#8221; background_layout=&#8221;light&#8221; text_orientation=&#8221;left&#8221; use_border_color=&#8221;off&#8221; border_color=&#8221;#ffffff&#8221; border_style=&#8221;solid&#8221;]<\/p>\n<h2><strong>Aceda \u00e0 \u00e1rea reservada<\/strong><\/h2>\n<p>Se j\u00e1 \u00e9 nosso cliente aceda \u00e0 sua \u00e1rea resevada com os seus dados pessoais.<\/p>\n<p>&nbsp;<\/p>\n<p><form class=\"pc_login_form pc_rm_login\" ><div class=\"pc_login_row\"><label for=\"pc_auth_username\">Nome Utilizador<\/label><input type=\"text\" name=\"pc_auth_username\" value=\"\" autocapitalize=\"off\" autocomplete=\"off\" autocorrect=\"off\" maxlength=\"150\" \/><hr class=\"pc_clear\" \/><\/div><div class=\"pc_login_row\"><label for=\"pc_auth_psw\">Senha<\/label><input type=\"password\" name=\"pc_auth_psw\" value=\"\" autocapitalize=\"off\" autocomplete=\"off\" autocorrect=\"off\" \/><hr class=\"pc_clear\" \/><\/div><div class=\"pc_hnpt_code\" style=\"display: none; visibility: hidden; position: fixed; left: -9999px;\"><label for=\"pc_hnpt_1\">Antispam 1<\/label><input type=\"text\" name=\"pc_hnpt_1\" value=\"\" autocomplete=\"off\" \/><label for=\"pc_hnpt_2\">Antispam 2<\/label><input type=\"text\" name=\"pc_hnpt_2\" value=\"32\" autocomplete=\"off\" \/><label for=\"pc_hnpt_3\">Antispam 3<\/label><input type=\"text\" name=\"pc_hnpt_3\" value=\"dc5d55abb65c1f34d2da87b410c06411\" autocomplete=\"off\" \/><\/div><div id=\"pc_auth_message\"><\/div><div class=\"pc_login_smalls\"><div class=\"pc_login_remember_me\"><input type=\"checkbox\" name=\"pc_remember_me\" value=\"1\" autocomplete=\"off\" \/><small>Relembrar acesso<\/small><\/div><\/div><input type=\"button\" class=\"pc_auth_btn\" value=\"Login\" \/><hr class=\"pc_clear\" \/><\/form> [\/et_pb_text][\/et_pb_column][\/et_pb_row][\/et_pb_section]<\/p>\n","protected":false},"excerpt":{"rendered":"<p>[et_pb_section admin_label=&#8221;section&#8221; background_image=&#8221;https:\/\/mht.pt\/wp-content\/uploads\/2016\/05\/area-associados.jpg&#8221; transparent_background=&#8221;off&#8221; background_color=&#8221;#ffffff&#8221; allow_player_pause=&#8221;off&#8221; inner_shadow=&#8221;off&#8221; parallax=&#8221;off&#8221; parallax_method=&#8221;off&#8221; padding_mobile=&#8221;off&#8221; make_fullwidth=&#8221;off&#8221; use_custom_width=&#8221;off&#8221; width_unit=&#8221;on&#8221; make_equal=&#8221;off&#8221; use_custom_gutter=&#8221;off&#8221;][et_pb_row admin_label=&#8221;Row&#8221; make_fullwidth=&#8221;off&#8221; use_custom_width=&#8221;off&#8221; width_unit=&#8221;on&#8221; use_custom_gutter=&#8221;off&#8221; padding_mobile=&#8221;off&#8221; allow_player_pause=&#8221;off&#8221; parallax=&#8221;off&#8221; parallax_method=&#8221;off&#8221; make_equal=&#8221;off&#8221; parallax_1=&#8221;off&#8221; parallax_method_1=&#8221;off&#8221; column_padding_mobile=&#8221;on&#8221;][et_pb_column type=&#8221;4_4&#8243;][et_pb_text admin_label=&#8221;Text&#8221; background_layout=&#8221;dark&#8221; text_orientation=&#8221;center&#8221; use_border_color=&#8221;off&#8221; border_color=&#8221;#ffffff&#8221; border_style=&#8221;solid&#8221;] Registe-se ou Aceda \u00e0 sua \u00e1rea reservada [\/et_pb_text][\/et_pb_column][\/et_pb_row][\/et_pb_section][et_pb_section admin_label=&#8221;Section&#8221; fullwidth=&#8221;off&#8221; specialty=&#8221;off&#8221;][et_pb_row admin_label=&#8221;Row&#8221;][et_pb_column type=&#8221;1_2&#8243;][et_pb_text admin_label=&#8221;Text&#8221; background_layout=&#8221;light&#8221; text_orientation=&#8221;left&#8221; use_border_color=&#8221;off&#8221; border_color=&#8221;#ffffff&#8221; border_style=&#8221;solid&#8221;] Registe-se [&hellip;]<\/p>\n","protected":false},"author":1,"featured_media":0,"parent":0,"menu_order":0,"comment_status":"closed","ping_status":"closed","template":"","meta":{"footnotes":""},"_links":{"self":[{"href":"https:\/\/mht.pt\/index.php?rest_route=\/wp\/v2\/pages\/90"}],"collection":[{"href":"https:\/\/mht.pt\/index.php?rest_route=\/wp\/v2\/pages"}],"about":[{"href":"https:\/\/mht.pt\/index.php?rest_route=\/wp\/v2\/types\/page"}],"author":[{"embeddable":true,"href":"https:\/\/mht.pt\/index.php?rest_route=\/wp\/v2\/users\/1"}],"replies":[{"embeddable":true,"href":"https:\/\/mht.pt\/index.php?rest_route=%2Fwp%2Fv2%2Fcomments&post=90"}],"version-history":[{"count":14,"href":"https:\/\/mht.pt\/index.php?rest_route=\/wp\/v2\/pages\/90\/revisions"}],"predecessor-version":[{"id":281,"href":"https:\/\/mht.pt\/index.php?rest_route=\/wp\/v2\/pages\/90\/revisions\/281"}],"wp:attachment":[{"href":"https:\/\/mht.pt\/index.php?rest_route=%2Fwp%2Fv2%2Fmedia&parent=90"}],"curies":[{"name":"wp","href":"https:\/\/api.w.org\/{rel}","templated":true}]}}