{"id":155,"date":"2016-06-08T16:53:32","date_gmt":"2016-06-08T15:53:32","guid":{"rendered":"https:\/\/mht.pt\/?page_id=155"},"modified":"2016-06-28T12:03:04","modified_gmt":"2016-06-28T11:03:04","slug":"higiene-e-seguranca-alimentar","status":"publish","type":"page","link":"https:\/\/mht.pt\/?page_id=155","title":{"rendered":"Higiene e Seguran\u00e7a Alimentar"},"content":{"rendered":"<p>[et_pb_section admin_label=&#8221;Section&#8221; fullwidth=&#8221;off&#8221; specialty=&#8221;off&#8221; background_image=&#8221;https:\/\/mht.pt\/wp-content\/uploads\/2016\/06\/banner-seg-alim.jpg&#8221; transparent_background=&#8221;off&#8221; background_color=&#8221;#ffffff&#8221; allow_player_pause=&#8221;off&#8221; inner_shadow=&#8221;off&#8221; parallax=&#8221;off&#8221; parallax_method=&#8221;off&#8221; padding_mobile=&#8221;off&#8221; make_fullwidth=&#8221;off&#8221; use_custom_width=&#8221;off&#8221; width_unit=&#8221;on&#8221; make_equal=&#8221;off&#8221; use_custom_gutter=&#8221;off&#8221;][et_pb_row admin_label=&#8221;Row&#8221;][et_pb_column type=&#8221;4_4&#8243;][et_pb_text admin_label=&#8221;Text&#8221; background_layout=&#8221;dark&#8221; text_orientation=&#8221;center&#8221; use_border_color=&#8221;off&#8221; border_color=&#8221;#ffffff&#8221; border_style=&#8221;solid&#8221;]<\/p>\n<h1>Higiene e Seguran\u00e7a Alimentar<\/h1>\n<p>[\/et_pb_text][\/et_pb_column][\/et_pb_row][\/et_pb_section][et_pb_section admin_label=&#8221;section&#8221;][et_pb_row admin_label=&#8221;Row&#8221;][et_pb_column type=&#8221;2_3&#8243;][et_pb_text admin_label=&#8221;Text&#8221; background_layout=&#8221;light&#8221; text_orientation=&#8221;left&#8221; use_border_color=&#8221;off&#8221; border_color=&#8221;#ffffff&#8221; border_style=&#8221;solid&#8221;]<\/p>\n<p>HACCP<\/p>\n<ul>\n<li>Implementa\u00e7\u00e3o do sistema HACCP, obrigat\u00f3rio por lei (regulamento 852\/2004)<\/li>\n<li>Avalia\u00e7\u00e3o dos pr\u00e9-requisitos ao Sistema HACCP com auditoria de diagn\u00f3stico<\/li>\n<li>Constitui\u00e7\u00e3o da equipa HACCP<\/li>\n<li>Elabora\u00e7\u00e3o do manual de Boas Pr\u00e1ticas de Higiene e Confec\u00e7\u00e3o<\/li>\n<\/ul>\n<p>&nbsp;<\/p>\n<p>Elabora\u00e7\u00e3o de toda a documenta\u00e7\u00e3o inerente ao Sistema HACCP<\/p>\n<ul>\n<li>Auditorias ao Sistema HACCP<\/li>\n<li>Revis\u00e3o do Sistema<\/li>\n<li>Forma\u00e7\u00e3o continua do pessoal<\/li>\n<li>Apoio no contacto com as entidades fiscalizadoras<\/li>\n<li>Relat\u00f3rios t\u00e9cnicos do resultado de cada auditoria onde s\u00e3o descritas as n\u00e3o conformidades e respetivas medidas corretivas<\/li>\n<li>Apoio t\u00e9cnico para esclarecimento de d\u00favidas<\/li>\n<li>Apoio t\u00e9cnico em projetos de remodela\u00e7\u00e3o\/manuten\u00e7\u00e3o da empresa<\/li>\n<li>Acompanhamento em obra ou remodela\u00e7\u00e3o das instala\u00e7\u00f5es<\/li>\n<\/ul>\n<p>[\/et_pb_text][\/et_pb_column][et_pb_column type=&#8221;1_3&#8243;][et_pb_image admin_label=&#8221;Image&#8221; src=&#8221;https:\/\/mht.pt\/wp-content\/uploads\/2016\/06\/1378133336-f.jpg&#8221; show_in_lightbox=&#8221;off&#8221; url_new_window=&#8221;off&#8221; use_overlay=&#8221;off&#8221; animation=&#8221;left&#8221; sticky=&#8221;off&#8221; align=&#8221;left&#8221; force_fullwidth=&#8221;off&#8221; always_center_on_mobile=&#8221;on&#8221; use_border_color=&#8221;off&#8221; border_color=&#8221;#ffffff&#8221; border_style=&#8221;solid&#8221;]<\/p>\n<p>[\/et_pb_image][\/et_pb_column][\/et_pb_row][\/et_pb_section]<\/p>\n","protected":false},"excerpt":{"rendered":"<p>[et_pb_section admin_label=&#8221;Section&#8221; fullwidth=&#8221;off&#8221; specialty=&#8221;off&#8221; background_image=&#8221;https:\/\/mht.pt\/wp-content\/uploads\/2016\/06\/banner-seg-alim.jpg&#8221; transparent_background=&#8221;off&#8221; background_color=&#8221;#ffffff&#8221; allow_player_pause=&#8221;off&#8221; inner_shadow=&#8221;off&#8221; parallax=&#8221;off&#8221; parallax_method=&#8221;off&#8221; padding_mobile=&#8221;off&#8221; make_fullwidth=&#8221;off&#8221; use_custom_width=&#8221;off&#8221; width_unit=&#8221;on&#8221; make_equal=&#8221;off&#8221; use_custom_gutter=&#8221;off&#8221;][et_pb_row admin_label=&#8221;Row&#8221;][et_pb_column type=&#8221;4_4&#8243;][et_pb_text admin_label=&#8221;Text&#8221; background_layout=&#8221;dark&#8221; text_orientation=&#8221;center&#8221; use_border_color=&#8221;off&#8221; border_color=&#8221;#ffffff&#8221; border_style=&#8221;solid&#8221;] Higiene e Seguran\u00e7a Alimentar [\/et_pb_text][\/et_pb_column][\/et_pb_row][\/et_pb_section][et_pb_section admin_label=&#8221;section&#8221;][et_pb_row admin_label=&#8221;Row&#8221;][et_pb_column type=&#8221;2_3&#8243;][et_pb_text admin_label=&#8221;Text&#8221; background_layout=&#8221;light&#8221; text_orientation=&#8221;left&#8221; use_border_color=&#8221;off&#8221; border_color=&#8221;#ffffff&#8221; border_style=&#8221;solid&#8221;] HACCP Implementa\u00e7\u00e3o do sistema HACCP, obrigat\u00f3rio por lei (regulamento 852\/2004) Avalia\u00e7\u00e3o dos pr\u00e9-requisitos ao Sistema HACCP [&hellip;]<\/p>\n","protected":false},"author":1,"featured_media":0,"parent":50,"menu_order":0,"comment_status":"closed","ping_status":"closed","template":"","meta":{"footnotes":""},"_links":{"self":[{"href":"https:\/\/mht.pt\/index.php?rest_route=\/wp\/v2\/pages\/155"}],"collection":[{"href":"https:\/\/mht.pt\/index.php?rest_route=\/wp\/v2\/pages"}],"about":[{"href":"https:\/\/mht.pt\/index.php?rest_route=\/wp\/v2\/types\/page"}],"author":[{"embeddable":true,"href":"https:\/\/mht.pt\/index.php?rest_route=\/wp\/v2\/users\/1"}],"replies":[{"embeddable":true,"href":"https:\/\/mht.pt\/index.php?rest_route=%2Fwp%2Fv2%2Fcomments&post=155"}],"version-history":[{"count":10,"href":"https:\/\/mht.pt\/index.php?rest_route=\/wp\/v2\/pages\/155\/revisions"}],"predecessor-version":[{"id":319,"href":"https:\/\/mht.pt\/index.php?rest_route=\/wp\/v2\/pages\/155\/revisions\/319"}],"up":[{"embeddable":true,"href":"https:\/\/mht.pt\/index.php?rest_route=\/wp\/v2\/pages\/50"}],"wp:attachment":[{"href":"https:\/\/mht.pt\/index.php?rest_route=%2Fwp%2Fv2%2Fmedia&parent=155"}],"curies":[{"name":"wp","href":"https:\/\/api.w.org\/{rel}","templated":true}]}}